{"id":7,"date":"2025-01-02T14:01:42","date_gmt":"2025-01-02T14:01:42","guid":{"rendered":"https:\/\/xetaxihanoi.com\/?page_id=7"},"modified":"2025-09-15T18:11:18","modified_gmt":"2025-09-15T11:11:18","slug":"trang-chu","status":"publish","type":"page","link":"https:\/\/xetaxihanoi.com\/","title":{"rendered":"Trang ch\u1ee7"},"content":{"rendered":"<div class=\"slider-wrapper relative\" id=\"slider-527249747\" >\n    <div class=\"slider slider-nav-circle slider-nav-large slider-nav-light slider-style-normal\"\n        data-flickity-options='{\n            \"cellAlign\": \"center\",\n            \"imagesLoaded\": true,\n            \"lazyLoad\": 1,\n            \"freeScroll\": false,\n            \"wrapAround\": true,\n            \"autoPlay\": 6000,\n            \"pauseAutoPlayOnHover\" : true,\n            \"prevNextButtons\": true,\n            \"contain\" : true,\n            \"adaptiveHeight\" : true,\n            \"dragThreshold\" : 10,\n            \"percentPosition\": true,\n            \"pageDots\": true,\n            \"rightToLeft\": false,\n            \"draggable\": true,\n            \"selectedAttraction\": 0.1,\n            \"parallax\" : 0,\n            \"friction\": 0.6        }'\n        >\n        \n\t<div class=\"img has-hover x md-x lg-x y md-y lg-y\" id=\"image_1052013969\">\n\t\t\t\t\t\t\t\t<div class=\"img-inner dark\" >\n\t\t\t<img loading=\"lazy\" decoding=\"async\" width=\"800\" height=\"393\" src=\"https:\/\/xetaxihanoi.com\/wp-content\/uploads\/2025\/06\/di-xe-taxi-san-bay-noi-bai-bac-kan-nhung-dieu-can-biet-ve-bao-hiem-hanh-khach-01.jpg\" class=\"attachment-original size-original\" alt=\"\" srcset=\"https:\/\/xetaxihanoi.com\/wp-content\/uploads\/2025\/06\/di-xe-taxi-san-bay-noi-bai-bac-kan-nhung-dieu-can-biet-ve-bao-hiem-hanh-khach-01.jpg 800w, https:\/\/xetaxihanoi.com\/wp-content\/uploads\/2025\/06\/di-xe-taxi-san-bay-noi-bai-bac-kan-nhung-dieu-can-biet-ve-bao-hiem-hanh-khach-01-300x147.jpg 300w, https:\/\/xetaxihanoi.com\/wp-content\/uploads\/2025\/06\/di-xe-taxi-san-bay-noi-bai-bac-kan-nhung-dieu-can-biet-ve-bao-hiem-hanh-khach-01-768x377.jpg 768w\" sizes=\"auto, (max-width: 800px) 100vw, 800px\" \/>\t\t\t\t\t\t\n\t\t\t\t\t<\/div>\n\t\t\t\t\t\t\t\t\n<style>\n#image_1052013969 {\n  width: 100%;\n}\n<\/style>\n\t<\/div>\n\t\n     <\/div>\n\n     <div class=\"loading-spin dark large centered\"><\/div>\n\n\t<\/div>\n\n\n<div class=\"row\"  id=\"row-2094837997\">\n\n\t<div id=\"col-1289353932\" class=\"col small-12 large-12\"  >\n\t\t\t\t<div class=\"col-inner text-center\"  >\n\t\t\t\n\t\t\t\n\t<div id=\"text-22846305\" class=\"text\">\n\t\t\n\t\t\n<style>\n#text-22846305 {\n  text-align: center;\n  color: #226ed3;\n}\n#text-22846305 > * {\n  color: #226ed3;\n}\n<\/style>\n\t<\/div>\n\t\n<div class=\"container section-title-container\" ><h1 class=\"section-title section-title-center\"><b><\/b><span class=\"section-title-main\" style=\"color:rgb(23, 0, 250);\">TAXI H\u00c0 N\u1ed8I<\/span><b><\/b><\/h1><\/div>\n<a href=\"tel:0373116123\" class=\"button primary is-shade box-shadow-3 box-shadow-5-hover lowercase\"  style=\"border-radius:5px;\">\n\t<i class=\"icon-phone\" aria-hidden=\"true\" ><\/i>\t<span>\u0111\u1eb7t xe ngay<\/span>\n\t<\/a>\n\n\t\t<\/div>\n\t\t\t\t\t<\/div>\n\n\t\n<\/div>\n<div class=\"row\"  id=\"row-769782593\">\n\n\t<div id=\"col-1693984383\" class=\"col medium-4 small-12 large-4\"  >\n\t\t\t\t<div class=\"col-inner text-center\"  >\n\t\t\t\n\t\t\t\n\t<div class=\"img has-hover x md-x lg-x y md-y lg-y\" id=\"image_325347218\">\n\t\t\t\t\t\t\t\t<div class=\"img-inner dark\" >\n\t\t\t<img loading=\"lazy\" decoding=\"async\" width=\"600\" height=\"320\" src=\"https:\/\/xetaxihanoi.com\/wp-content\/uploads\/2025\/04\/hinh5555.jpg\" class=\"attachment-large size-large\" alt=\"\" srcset=\"https:\/\/xetaxihanoi.com\/wp-content\/uploads\/2025\/04\/hinh5555.jpg 600w, https:\/\/xetaxihanoi.com\/wp-content\/uploads\/2025\/04\/hinh5555-300x160.jpg 300w\" sizes=\"auto, (max-width: 600px) 100vw, 600px\" \/>\t\t\t\t\t\t\n\t\t\t\t\t<\/div>\n\t\t\t\t\t\t\t\t\n<style>\n#image_325347218 {\n  width: 100%;\n}\n<\/style>\n\t<\/div>\n\t\n<a href=\"tel:0373116123\" class=\"button primary\"  >\n\t<i class=\"icon-phone\" aria-hidden=\"true\" ><\/i>\t<span>t\u1ed5ng \u0111\u00e0i h\u1ed7 tr\u1ee3<\/span>\n\t<\/a>\n\n\t\t<\/div>\n\t\t\t\t\t<\/div>\n\n\t\n\n\t<div id=\"col-195595919\" class=\"col medium-4 small-12 large-4\"  >\n\t\t\t\t<div class=\"col-inner text-center\"  >\n\t\t\t\n\t\t\t\n\t<div class=\"img has-hover x md-x lg-x y md-y lg-y\" id=\"image_1670583967\">\n\t\t\t\t\t\t\t\t<div class=\"img-inner dark\" >\n\t\t\t<img loading=\"lazy\" decoding=\"async\" width=\"960\" height=\"640\" src=\"https:\/\/xetaxihanoi.com\/wp-content\/uploads\/2025\/06\/IMG_1048-01.jpeg\" class=\"attachment-large size-large\" alt=\"\" srcset=\"https:\/\/xetaxihanoi.com\/wp-content\/uploads\/2025\/06\/IMG_1048-01.jpeg 960w, https:\/\/xetaxihanoi.com\/wp-content\/uploads\/2025\/06\/IMG_1048-01-300x200.jpeg 300w, https:\/\/xetaxihanoi.com\/wp-content\/uploads\/2025\/06\/IMG_1048-01-768x512.jpeg 768w\" sizes=\"auto, (max-width: 960px) 100vw, 960px\" \/>\t\t\t\t\t\t\n\t\t\t\t\t<\/div>\n\t\t\t\t\t\t\t\t\n<style>\n#image_1670583967 {\n  width: 100%;\n}\n<\/style>\n\t<\/div>\n\t\n<a href=\"tel:0373116123\" class=\"button primary\"  >\n\t<i class=\"icon-phone\" aria-hidden=\"true\" ><\/i>\t<span>\u0111\u1eb7t xe 5 ch\u1ed7<\/span>\n\t<\/a>\n\n\t\t<\/div>\n\t\t\t\t\t<\/div>\n\n\t\n\n\t<div id=\"col-1812379614\" class=\"col medium-4 small-12 large-4\"  >\n\t\t\t\t<div class=\"col-inner text-center\"  >\n\t\t\t\n\t\t\t\n\t<div class=\"img has-hover x md-x lg-x y md-y lg-y\" id=\"image_733414232\">\n\t\t\t\t\t\t\t\t<div class=\"img-inner dark\" >\n\t\t\t<img loading=\"lazy\" decoding=\"async\" width=\"800\" height=\"540\" src=\"https:\/\/xetaxihanoi.com\/wp-content\/uploads\/2025\/06\/QC-1.jpg\" class=\"attachment-large size-large\" alt=\"\" srcset=\"https:\/\/xetaxihanoi.com\/wp-content\/uploads\/2025\/06\/QC-1.jpg 800w, https:\/\/xetaxihanoi.com\/wp-content\/uploads\/2025\/06\/QC-1-300x203.jpg 300w, https:\/\/xetaxihanoi.com\/wp-content\/uploads\/2025\/06\/QC-1-768x518.jpg 768w\" sizes=\"auto, (max-width: 800px) 100vw, 800px\" \/>\t\t\t\t\t\t\n\t\t\t\t\t<\/div>\n\t\t\t\t\t\t\t\t\n<style>\n#image_733414232 {\n  width: 100%;\n}\n<\/style>\n\t<\/div>\n\t\n<a href=\"tel:0373116123\" class=\"button primary\"  >\n\t<i class=\"icon-phone\" aria-hidden=\"true\" ><\/i>\t<span>\u0111\u1eb7t xe 7 ch\u1ed7<\/span>\n\t<\/a>\n\n\t\t<\/div>\n\t\t\t\t\t<\/div>\n\n\t\n<\/div>\n\n\t<section class=\"section\" id=\"section_1669958120\">\n\t\t<div class=\"section-bg fill\" >\n\t\t\t\t\t\t\t\t\t\n\t\t\t\n\n\t\t<\/div>\n\n\t\t\n\n\t\t<div class=\"section-content relative\">\n\t\t\t\n<h2 data-start=\"99\" data-end=\"155\"><strong data-start=\"102\" data-end=\"155\">Gi\u1edbi Thi\u1ec7u V\u1ec1 Taxi H\u00e0 N\u1ed9i &#8211; V\u0129nh Ph\u00fac \u2013 Hotline: 0373116123<\/strong><\/h2>\n<p data-start=\"157\" data-end=\"297\">B\u1ea1n \u0111ang t\u00ecm ki\u1ebfm m\u1ed9t d\u1ecbch v\u1ee5 taxi uy t\u00edn, nhanh ch\u00f3ng v\u00e0 chuy\u00ean nghi\u1ec7p t\u1ea1i H\u00e0 N\u1ed9i? <strong data-start=\"241\" data-end=\"256\">Taxi H\u00e0 N\u1ed9i<\/strong> ch\u00ednh l\u00e0 l\u1ef1a ch\u1ecdn h\u00e0ng \u0111\u1ea7u d\u00e0nh cho b\u1ea1n!<\/p>\n<h3 data-start=\"299\" data-end=\"358\"><strong data-start=\"303\" data-end=\"358\">D\u1ecbch V\u1ee5 Taxi H\u00e0 N\u1ed9i \u2013 \u0110\u1ed3ng H\u00e0nh Tr\u00ean M\u1ecdi H\u00e0nh Tr\u00ecnh<\/strong><\/h3>\n<p data-start=\"360\" data-end=\"634\">V\u1edbi nhi\u1ec1u n\u0103m kinh nghi\u1ec7m ho\u1ea1t \u0111\u1ed9ng trong l\u0129nh v\u1ef1c v\u1eadn t\u1ea3i h\u00e0nh kh\u00e1ch, Taxi H\u00e0 N\u1ed9i cam k\u1ebft mang \u0111\u1ebfn cho kh\u00e1ch h\u00e0ng nh\u1eefng chuy\u1ebfn \u0111i an to\u00e0n, tho\u1ea3i m\u00e1i v\u00e0 \u0111\u00fang gi\u1edd. D\u00f9 b\u1ea1n c\u1ea7n di chuy\u1ec3n trong n\u1ed9i th\u00e0nh, ra s\u00e2n bay, \u0111i c\u00f4ng t\u00e1c hay v\u1ec1 qu\u00ea, ch\u00fang t\u00f4i lu\u00f4n s\u1eb5n s\u00e0ng ph\u1ee5c v\u1ee5 24\/7.<\/p>\n<h3 data-start=\"636\" data-end=\"672\"><strong data-start=\"640\" data-end=\"672\">V\u00ec Sao N\u00ean Ch\u1ecdn Taxi H\u00e0 N\u1ed9i &#8211; V\u0129nh Ph\u00fac?<\/strong><\/h3>\n<ul data-start=\"674\" data-end=\"1073\">\n<li data-start=\"674\" data-end=\"762\">\n<p data-start=\"676\" data-end=\"762\"><span>\ud83d\ude95<strong>Ph\u1ee5c v\u1ee5 24\/7<\/strong><\/span><\/p>\n<\/li>\n<li data-start=\"763\" data-end=\"851\">\n<p data-start=\"765\" data-end=\"851\">\ud83d\udcb0 <strong data-start=\"768\" data-end=\"787\">Gi\u00e1 c\u01b0\u1edbc h\u1ee3p l\u00fd<\/strong><\/p>\n<\/li>\n<li data-start=\"852\" data-end=\"927\">\n<p data-start=\"854\" data-end=\"927\">\ud83d\ude97 <strong data-start=\"857\" data-end=\"876\">\u0110\u1ed9i xe hi\u1ec7n \u0111\u1ea1i<\/strong><\/p>\n<\/li>\n<li data-start=\"928\" data-end=\"1019\">\n<p data-start=\"930\" data-end=\"1019\"><span>\ud83d\udc68\u200d\u2708\ufe0f <\/span><strong data-start=\"936\" data-end=\"960\">T\u00e0i x\u1ebf chuy\u00ean nghi\u1ec7p<\/strong><\/p>\n<\/li>\n<li data-start=\"1020\" data-end=\"1073\">\n<p data-start=\"1022\" data-end=\"1073\">\ud83d\udcde <strong data-start=\"1025\" data-end=\"1073\">\u0110\u1eb7t xe nhanh ch\u00f3ng qua hotline: 0373116123<\/strong><\/p>\n<\/li>\n<\/ul>\n<h3 data-start=\"1075\" data-end=\"1110\"><strong data-start=\"1079\" data-end=\"1110\">\u0110\u1eb7t Xe Ch\u1ec9 V\u1edbi M\u1ed9t Cu\u1ed9c G\u1ecdi<\/strong><\/h3>\n<p data-start=\"1112\" data-end=\"1347\">Ch\u00fang t\u00f4i hi\u1ec3u r\u1eb1ng th\u1eddi gian l\u00e0 qu\u00fd gi\u00e1, v\u00ec v\u1eady Taxi H\u00e0 N\u1ed9i t\u1ed1i \u01b0u h\u00f3a quy tr\u00ecnh \u0111\u1eb7t xe \u0111\u1ec3 b\u1ea1n ch\u1ec9 c\u1ea7n m\u1ed9t cu\u1ed9c g\u1ecdi \u0111\u1ebfn <strong data-start=\"1233\" data-end=\"1249\">0971145272<\/strong>, l\u00e0 c\u00f3 xe ngay. D\u00f9 b\u1ea1n \u1edf \u0111\u00e2u t\u1ea1i H\u00e0 N\u1ed9i, ch\u00fang t\u00f4i c\u0169ng c\u00f3 th\u1ec3 \u0111\u00f3n b\u1ea1n trong th\u1eddi gian ng\u1eafn nh\u1ea5t.<\/p>\n\t\t<\/div>\n\n\t\t\n<style>\n#section_1669958120 {\n  padding-top: 30px;\n  padding-bottom: 30px;\n}\n<\/style>\n\t<\/section>\n\t\n","protected":false},"excerpt":{"rendered":"","protected":false},"author":1,"featured_media":99,"parent":0,"menu_order":0,"comment_status":"closed","ping_status":"closed","template":"page-blank.php","meta":{"footnotes":""},"class_list":["post-7","page","type-page","status-publish","has-post-thumbnail","hentry"],"_links":{"self":[{"href":"https:\/\/xetaxihanoi.com\/index.php\/wp-json\/wp\/v2\/pages\/7","targetHints":{"allow":["GET"]}}],"collection":[{"href":"https:\/\/xetaxihanoi.com\/index.php\/wp-json\/wp\/v2\/pages"}],"about":[{"href":"https:\/\/xetaxihanoi.com\/index.php\/wp-json\/wp\/v2\/types\/page"}],"author":[{"embeddable":true,"href":"https:\/\/xetaxihanoi.com\/index.php\/wp-json\/wp\/v2\/users\/1"}],"replies":[{"embeddable":true,"href":"https:\/\/xetaxihanoi.com\/index.php\/wp-json\/wp\/v2\/comments?post=7"}],"version-history":[{"count":9,"href":"https:\/\/xetaxihanoi.com\/index.php\/wp-json\/wp\/v2\/pages\/7\/revisions"}],"predecessor-version":[{"id":131,"href":"https:\/\/xetaxihanoi.com\/index.php\/wp-json\/wp\/v2\/pages\/7\/revisions\/131"}],"wp:featuredmedia":[{"embeddable":true,"href":"https:\/\/xetaxihanoi.com\/index.php\/wp-json\/wp\/v2\/media\/99"}],"wp:attachment":[{"href":"https:\/\/xetaxihanoi.com\/index.php\/wp-json\/wp\/v2\/media?parent=7"}],"curies":[{"name":"wp","href":"https:\/\/api.w.org\/{rel}","templated":true}]}}